    {"id":203,"date":"2017-04-21T08:37:37","date_gmt":"2017-04-21T08:37:37","guid":{"rendered":"http:\/\/demo2.steelthemes.com\/factoryhub\/?page_id=203"},"modified":"2025-11-20T22:40:29","modified_gmt":"2025-11-20T22:40:29","slug":"contact-us","status":"publish","type":"page","link":"https:\/\/www.gemaoil.com\/en\/contact-us\/","title":{"rendered":"Contact US"},"content":{"rendered":"<div class=\"wpb-content-wrapper\"><p>[vc_row css=&#8221;.vc_custom_1490257926483{padding-top: 75px !important;padding-bottom: 60px !important;}&#8221;][vc_column]<div class=\"fh-section-title clearfix  text-center style-1\">\n                <h2>Get in Touch with Us<\/h2>\n            <\/div>[vc_row_inner css=&#8221;.vc_custom_1490257810426{margin-top: 50px !important;}&#8221;][vc_column_inner offset=&#8221;vc_col-lg-4 vc_col-md-4&#8243;]<div class=\"fh-contact-box \">\n\t\t\t\t<div class=\"contact-box-title\"><h3>Factory 1<\/h3><\/div>\n                <div class=\"info\"><p>\n\t\t\t\t\t<span class=\"info-title\">Address: <\/span>\n\t\t\t\t\t<span class=\"info-details\">Ac\u0131dereosb Mah. Abdullah G\u00fcl Blvd. No:6\nSar\u0131\u00e7am, Adana \/ TURKEY<\/span>\n\t\t\t\t<\/p><p>\n\t\t\t\t\t<span class=\"info-title\">Contact Number: <\/span>\n\t\t\t\t\t<span class=\"info-details\"> +90 322 502 44 31<\/span>\n\t\t\t\t<\/p><\/div>\n            <\/div>[\/vc_column_inner][vc_column_inner offset=&#8221;vc_col-lg-4 vc_col-md-4&#8243;]<div class=\"fh-contact-box \">\n\t\t\t\t<div class=\"contact-box-title\"><h3>Factory 2<\/h3><\/div>\n                <div class=\"info\"><p>\n\t\t\t\t\t<span class=\"info-title\">Adress: <\/span>\n\t\t\t\t\t<span class=\"info-details\">Sarimazi Neighborhood, 5th Street,\nDoor No:10, Apt:1\nCeyhan, Adana \/ TURKEY<\/span>\n\t\t\t\t<\/p><p>\n\t\t\t\t\t<span class=\"info-title\">Contact Number: <\/span>\n\t\t\t\t\t<span class=\"info-details\"> +90 322 502 44 31<\/span>\n\t\t\t\t<\/p><\/div>\n            <\/div>[\/vc_column_inner][vc_column_inner offset=&#8221;vc_col-lg-4 vc_col-md-4&#8243;]<div class=\"fh-contact-box \">\n\t\t\t\t<div class=\"contact-box-title\"><h3>Ankara Office<\/h3><\/div>\n                <div class=\"info\"><p>\n\t\t\t\t\t<span class=\"info-title\">Adress: <\/span>\n\t\t\t\t\t<span class=\"info-details\">Prof. Ahmet Taner K\u0131\u015flal\u0131 Neighborhood,\n2799th Street, No:23\n\u00c7ayyolu, Ankara \/ TURKEY<\/span>\n\t\t\t\t<\/p><p>\n\t\t\t\t\t<span class=\"info-title\">Contact Number: <\/span>\n\t\t\t\t\t<span class=\"info-details\">+90 322 502 44 31\n<\/span>\n\t\t\t\t<\/p><\/div>\n            <\/div>[\/vc_column_inner][\/vc_row_inner][\/vc_column][\/vc_row][vc_row][vc_column][vc_separator color=&#8221;custom&#8221; accent_color=&#8221;#f4f4f4&#8243;][\/vc_column][\/vc_row][vc_row css=&#8221;.vc_custom_1490585883088{margin-top: 65px !important;margin-bottom: 80px !important;}&#8221;][vc_column]<div class=\"fh-section-title clearfix  text-center style-1\">\n                <h2>Get in Touch<\/h2>\n            <\/div>[vc_column_text css=&#8221;.vc_custom_1763678196348{margin-top: 25px !important;}&#8221;]<\/p>\n<p style=\"font-weight: 300; color: #848484; text-align: center; width: 65%; margin: 0 auto;\">Please fill out the form below to get in touch with us quickly and easily.<\/p>\n<p>[\/vc_column_text][vc_row_inner css=&#8221;.vc_custom_1490258246649{margin-top: 45px !important;}&#8221;][vc_column_inner][vc_raw_html css=&#8221;&#8221;]JTVCZWxlbWVudG9yLXRlbXBsYXRlJTIwaWQlM0QlMjIzNjkzJTIyJTVE[\/vc_raw_html][\/vc_column_inner][\/vc_row_inner][\/vc_column][\/vc_row][vc_row full_width=&#8221;stretch_row_content_no_spaces&#8221;][vc_column][vc_gmaps link=&#8221;#E-8_JTNDaWZyYW1lJTIwc3JjJTNEJTIyaHR0cHMlM0ElMkYlMkZ3d3cuZ29vZ2xlLmNvbSUyRm1hcHMlMkZlbWJlZCUzRnBiJTNEJTIxMW0xOCUyMTFtMTIlMjExbTMlMjExZDMxODYuOTc5ODYzMjY3MzYzJTIxMmQzNS42MjQyODQ2MTA4MDg0OSUyMTNkMzYuOTg2NDEzODU3MDY1NTclMjEybTMlMjExZjAlMjEyZjAlMjEzZjAlMjEzbTIlMjExaTEwMjQlMjEyaTc2OCUyMTRmMTMuMSUyMTNtMyUyMTFtMiUyMTFzMHgxNTI4ODkyMDQ1ZDIxOGJiJTI1M0EweDgwZDlhMDllYmYwZDgwOTAlMjEyc0dlbWElMjUyME9pbCUyMTVlMCUyMTNtMiUyMTFzdHIlMjEyc3RyJTIxNHYxNzU5NzUxMjg1NTI3JTIxNW0yJTIxMXN0ciUyMTJzdHIlMjIlMjB3aWR0aCUzRCUyMjYwMCUyMiUyMGhlaWdodCUzRCUyMjQ1MCUyMiUyMHN0eWxlJTNEJTIyYm9yZGVyJTNBMCUzQiUyMiUyMGFsbG93ZnVsbHNjcmVlbiUzRCUyMiUyMiUyMGxvYWRpbmclM0QlMjJsYXp5JTIyJTIwcmVmZXJyZXJwb2xpY3klM0QlMjJuby1yZWZlcnJlci13aGVuLWRvd25ncmFkZSUyMiUzRSUzQyUyRmlmcmFtZSUzRQ==&#8221; css=&#8221;&#8221;][\/vc_column][\/vc_row]<\/p>\n<\/div>","protected":false},"excerpt":{"rendered":"<p>[vc_row css=&#8221;.vc_custom_1490257926483{padding-top: 75px !important;padding-bottom: 60px !important;}&#8221;][vc_column][vc_row_inner css=&#8221;.vc_custom_1490257810426{margin-top: 50px !important;}&#8221;][vc_column_inner offset=&#8221;vc_col-lg-4 vc_col-md-4&#8243;][\/vc_column_inner][vc_column_inner offset=&#8221;vc_col-lg-4 vc_col-md-4&#8243;][\/vc_column_inner][vc_column_inner offset=&#8221;vc_col-lg-4 vc_col-md-4&#8243;][\/vc_column_inner][\/vc_row_inner][\/vc_column][\/vc_row][vc_row][vc_column][vc_separator color=&#8221;custom&#8221; accent_color=&#8221;#f4f4f4&#8243;][\/vc_column][\/vc_row][vc_row css=&#8221;.vc_custom_1490585883088{margin-top: 65px !important;margin-bottom:&hellip;<\/p>\n","protected":false},"author":1,"featured_media":0,"parent":0,"menu_order":0,"comment_status":"closed","ping_status":"closed","template":"template-fullwidth.php","meta":{"footnotes":""},"class_list":["post-203","page","type-page","status-publish","hentry","no-thumb"],"_links":{"self":[{"href":"https:\/\/www.gemaoil.com\/en\/wp-json\/wp\/v2\/pages\/203","targetHints":{"allow":["GET"]}}],"collection":[{"href":"https:\/\/www.gemaoil.com\/en\/wp-json\/wp\/v2\/pages"}],"about":[{"href":"https:\/\/www.gemaoil.com\/en\/wp-json\/wp\/v2\/types\/page"}],"author":[{"embeddable":true,"href":"https:\/\/www.gemaoil.com\/en\/wp-json\/wp\/v2\/users\/1"}],"replies":[{"embeddable":true,"href":"https:\/\/www.gemaoil.com\/en\/wp-json\/wp\/v2\/comments?post=203"}],"version-history":[{"count":8,"href":"https:\/\/www.gemaoil.com\/en\/wp-json\/wp\/v2\/pages\/203\/revisions"}],"predecessor-version":[{"id":3874,"href":"https:\/\/www.gemaoil.com\/en\/wp-json\/wp\/v2\/pages\/203\/revisions\/3874"}],"wp:attachment":[{"href":"https:\/\/www.gemaoil.com\/en\/wp-json\/wp\/v2\/media?parent=203"}],"curies":[{"name":"wp","href":"https:\/\/api.w.org\/{rel}","templated":true}]}}